{"id":655,"date":"2019-11-24T12:12:03","date_gmt":"2019-11-24T12:12:03","guid":{"rendered":"http:\/\/ella.tm.ro\/?page_id=655"},"modified":"2019-11-24T12:30:36","modified_gmt":"2019-11-24T12:30:36","slug":"events","status":"publish","type":"page","link":"https:\/\/ella.tm.ro\/index.php\/events\/","title":{"rendered":"Events"},"content":{"rendered":"\n<div class=\"wp-block-getwid-content-timeline\" data-animation=\"none\" data-filling=\"true\"><div class=\"wp-block-getwid-content-timeline__line\"><div class=\"wp-block-getwid-content-timeline__bar\"><\/div><\/div><div class=\"wp-block-getwid-content-timeline__wrapper\">\n<div class=\"wp-block-getwid-content-timeline-item\"><div class=\"wp-block-getwid-content-timeline-item__wrapper\"><div class=\"wp-block-getwid-content-timeline-item__card\"><div class=\"wp-block-getwid-content-timeline-item__card-wrapper\"><div class=\"wp-block-getwid-content-timeline-item__content-wrapper\"><div class=\"wp-block-getwid-content-timeline-item__mobile-meta\"><p class=\"wp-block-getwid-content-timeline-item__meta-content\"><a href=\"https:\/\/www.timisoara-info.ro\/ro\/cultura\/muzee.html\">https:\/\/www.timisoara-info.ro\/ro\/cultura\/muzee.html<\/a><\/p><\/div>\n<h3 class=\"wp-block-heading\">Museums<\/h3>\n\n\n\n<p><\/p>\n<\/div><\/div><\/div><div class=\"wp-block-getwid-content-timeline-item__point\"><div class=\"wp-block-getwid-content-timeline-item__point-content\"><\/div><\/div><div class=\"wp-block-getwid-content-timeline-item__meta\"><p class=\"wp-block-getwid-content-timeline-item__meta-content\"><a href=\"https:\/\/www.timisoara-info.ro\/ro\/cultura\/muzee.html\">https:\/\/www.timisoara-info.ro\/ro\/cultura\/muzee.html<\/a><\/p><\/div><\/div><\/div>\n\n\n\n<div class=\"wp-block-getwid-content-timeline-item\"><div class=\"wp-block-getwid-content-timeline-item__wrapper\"><div class=\"wp-block-getwid-content-timeline-item__card\"><div class=\"wp-block-getwid-content-timeline-item__card-wrapper\"><div class=\"wp-block-getwid-content-timeline-item__content-wrapper\"><div class=\"wp-block-getwid-content-timeline-item__mobile-meta\"><p class=\"wp-block-getwid-content-timeline-item__meta-content\"><a href=\"https:\/\/www.timisoara-info.ro\/ro\/evenimente\/evenimente.html\">https:\/\/www.timisoara-info.ro\/ro\/evenimente\/evenimente.html<\/a><\/p><\/div>\n<h3 class=\"wp-block-heading\">current events<\/h3>\n\n\n\n<p><\/p>\n<\/div><\/div><\/div><div class=\"wp-block-getwid-content-timeline-item__point\"><div class=\"wp-block-getwid-content-timeline-item__point-content\"><\/div><\/div><div class=\"wp-block-getwid-content-timeline-item__meta\"><p class=\"wp-block-getwid-content-timeline-item__meta-content\"><a href=\"https:\/\/www.timisoara-info.ro\/ro\/evenimente\/evenimente.html\">https:\/\/www.timisoara-info.ro\/ro\/evenimente\/evenimente.html<\/a><\/p><\/div><\/div><\/div>\n\n\n\n<div class=\"wp-block-getwid-content-timeline-item\"><div class=\"wp-block-getwid-content-timeline-item__wrapper\"><div class=\"wp-block-getwid-content-timeline-item__card\"><div class=\"wp-block-getwid-content-timeline-item__card-wrapper\"><div class=\"wp-block-getwid-content-timeline-item__content-wrapper\"><div class=\"wp-block-getwid-content-timeline-item__mobile-meta\"><p class=\"wp-block-getwid-content-timeline-item__meta-content\"><a href=\"https:\/\/www.timisoara-info.ro\/ro\/evenimente\/evenimente-anuale.html\">https:\/\/www.timisoara-info.ro\/ro\/evenimente\/evenimente-anuale.html<\/a><\/p><\/div>\n<h3 class=\"wp-block-heading\">annual events<\/h3>\n\n\n\n<p><\/p>\n<\/div><\/div><\/div><div class=\"wp-block-getwid-content-timeline-item__point\"><div class=\"wp-block-getwid-content-timeline-item__point-content\"><\/div><\/div><div class=\"wp-block-getwid-content-timeline-item__meta\"><p class=\"wp-block-getwid-content-timeline-item__meta-content\"><a href=\"https:\/\/www.timisoara-info.ro\/ro\/evenimente\/evenimente-anuale.html\">https:\/\/www.timisoara-info.ro\/ro\/evenimente\/evenimente-anuale.html<\/a><\/p><\/div><\/div><\/div>\n\n\n\n<div class=\"wp-block-getwid-content-timeline-item\"><div class=\"wp-block-getwid-content-timeline-item__wrapper\"><div class=\"wp-block-getwid-content-timeline-item__card\"><div class=\"wp-block-getwid-content-timeline-item__card-wrapper\"><div class=\"wp-block-getwid-content-timeline-item__content-wrapper\"><div class=\"wp-block-getwid-content-timeline-item__mobile-meta\"><p class=\"wp-block-getwid-content-timeline-item__meta-content\">Galeria de Art\u0103 Helios<br>Galeria Axa Art<br>Galeria Calina<br>Galeria Calpe<br>Galerie si Centru de Arte Diverse Misc<br>Galeriile Popa s<br>Galeria de Art\u0103 Triade<br>Vitralia<br>Galeria Pro Armia a Cercului Militar Timi\u015foara<br>Galeria 28 Anastasia<br>Galeria Pygmalion<br>Galeria Subteran\u0103<\/p><\/div>\n<h3 class=\"wp-block-heading\">Art galeries<\/h3>\n\n\n\n<p><\/p>\n<\/div><\/div><\/div><div class=\"wp-block-getwid-content-timeline-item__point\"><div class=\"wp-block-getwid-content-timeline-item__point-content\"><\/div><\/div><div class=\"wp-block-getwid-content-timeline-item__meta\"><p class=\"wp-block-getwid-content-timeline-item__meta-content\">Galeria de Art\u0103 Helios<br>Galeria Axa Art<br>Galeria Calina<br>Galeria Calpe<br>Galerie si Centru de Arte Diverse Misc<br>Galeriile Popa s<br>Galeria de Art\u0103 Triade<br>Vitralia<br>Galeria Pro Armia a Cercului Militar Timi\u015foara<br>Galeria 28 Anastasia<br>Galeria Pygmalion<br>Galeria Subteran\u0103<\/p><\/div><\/div><\/div>\n<\/div><\/div>\n","protected":false},"excerpt":{"rendered":"","protected":false},"author":1,"featured_media":656,"parent":0,"menu_order":0,"comment_status":"closed","ping_status":"closed","template":"","meta":{"footnotes":""},"class_list":["post-655","page","type-page","status-publish","has-post-thumbnail","hentry"],"yoast_head":"<!-- This site is optimized with the Yoast SEO plugin v27.4 - https:\/\/yoast.com\/product\/yoast-seo-wordpress\/ -->\n<title>Events - ELLA<\/title>\n<meta name=\"robots\" content=\"index, follow, max-snippet:-1, max-image-preview:large, max-video-preview:-1\" \/>\n<link rel=\"canonical\" href=\"https:\/\/ella.tm.ro\/index.php\/events\/\" \/>\n<meta property=\"og:locale\" content=\"en_US\" \/>\n<meta property=\"og:type\" content=\"article\" \/>\n<meta property=\"og:title\" content=\"Events - ELLA\" \/>\n<meta property=\"og:url\" content=\"https:\/\/ella.tm.ro\/index.php\/events\/\" \/>\n<meta property=\"og:site_name\" content=\"ELLA\" \/>\n<meta property=\"article:publisher\" content=\"https:\/\/www.facebook.com\/ELLA.TIMISOARA\/\" \/>\n<meta property=\"article:modified_time\" content=\"2019-11-24T12:30:36+00:00\" \/>\n<meta property=\"og:image\" content=\"https:\/\/ella.tm.ro\/wp-content\/uploads\/2019\/11\/timisoara-information.png\" \/>\n\t<meta property=\"og:image:width\" content=\"1888\" \/>\n\t<meta property=\"og:image:height\" content=\"246\" \/>\n\t<meta property=\"og:image:type\" content=\"image\/png\" \/>\n<meta name=\"twitter:card\" content=\"summary_large_image\" \/>\n<meta name=\"twitter:label1\" content=\"Est. reading time\" \/>\n\t<meta name=\"twitter:data1\" content=\"1 minute\" \/>\n<script type=\"application\/ld+json\" class=\"yoast-schema-graph\">{\"@context\":\"https:\\\/\\\/schema.org\",\"@graph\":[{\"@type\":\"WebPage\",\"@id\":\"https:\\\/\\\/ella.tm.ro\\\/index.php\\\/events\\\/\",\"url\":\"https:\\\/\\\/ella.tm.ro\\\/index.php\\\/events\\\/\",\"name\":\"Events - ELLA\",\"isPartOf\":{\"@id\":\"https:\\\/\\\/ella.tm.ro\\\/#website\"},\"primaryImageOfPage\":{\"@id\":\"https:\\\/\\\/ella.tm.ro\\\/index.php\\\/events\\\/#primaryimage\"},\"image\":{\"@id\":\"https:\\\/\\\/ella.tm.ro\\\/index.php\\\/events\\\/#primaryimage\"},\"thumbnailUrl\":\"https:\\\/\\\/ella.tm.ro\\\/wp-content\\\/uploads\\\/2019\\\/11\\\/timisoara-information.png\",\"datePublished\":\"2019-11-24T12:12:03+00:00\",\"dateModified\":\"2019-11-24T12:30:36+00:00\",\"breadcrumb\":{\"@id\":\"https:\\\/\\\/ella.tm.ro\\\/index.php\\\/events\\\/#breadcrumb\"},\"inLanguage\":\"en-US\",\"potentialAction\":[{\"@type\":\"ReadAction\",\"target\":[\"https:\\\/\\\/ella.tm.ro\\\/index.php\\\/events\\\/\"]}]},{\"@type\":\"ImageObject\",\"inLanguage\":\"en-US\",\"@id\":\"https:\\\/\\\/ella.tm.ro\\\/index.php\\\/events\\\/#primaryimage\",\"url\":\"https:\\\/\\\/ella.tm.ro\\\/wp-content\\\/uploads\\\/2019\\\/11\\\/timisoara-information.png\",\"contentUrl\":\"https:\\\/\\\/ella.tm.ro\\\/wp-content\\\/uploads\\\/2019\\\/11\\\/timisoara-information.png\",\"width\":1888,\"height\":246},{\"@type\":\"BreadcrumbList\",\"@id\":\"https:\\\/\\\/ella.tm.ro\\\/index.php\\\/events\\\/#breadcrumb\",\"itemListElement\":[{\"@type\":\"ListItem\",\"position\":1,\"name\":\"Home\",\"item\":\"https:\\\/\\\/ella.tm.ro\\\/\"},{\"@type\":\"ListItem\",\"position\":2,\"name\":\"Events\"}]},{\"@type\":\"WebSite\",\"@id\":\"https:\\\/\\\/ella.tm.ro\\\/#website\",\"url\":\"https:\\\/\\\/ella.tm.ro\\\/\",\"name\":\"ELLA Apartments\",\"description\":\"Executive Luxury Living Apartments in the heart of Timisoara\",\"potentialAction\":[{\"@type\":\"SearchAction\",\"target\":{\"@type\":\"EntryPoint\",\"urlTemplate\":\"https:\\\/\\\/ella.tm.ro\\\/?s={search_term_string}\"},\"query-input\":{\"@type\":\"PropertyValueSpecification\",\"valueRequired\":true,\"valueName\":\"search_term_string\"}}],\"inLanguage\":\"en-US\"}]}<\/script>\n<!-- \/ Yoast SEO plugin. -->","yoast_head_json":{"title":"Events - ELLA","robots":{"index":"index","follow":"follow","max-snippet":"max-snippet:-1","max-image-preview":"max-image-preview:large","max-video-preview":"max-video-preview:-1"},"canonical":"https:\/\/ella.tm.ro\/index.php\/events\/","og_locale":"en_US","og_type":"article","og_title":"Events - ELLA","og_url":"https:\/\/ella.tm.ro\/index.php\/events\/","og_site_name":"ELLA","article_publisher":"https:\/\/www.facebook.com\/ELLA.TIMISOARA\/","article_modified_time":"2019-11-24T12:30:36+00:00","og_image":[{"width":1888,"height":246,"url":"https:\/\/ella.tm.ro\/wp-content\/uploads\/2019\/11\/timisoara-information.png","type":"image\/png"}],"twitter_card":"summary_large_image","twitter_misc":{"Est. reading time":"1 minute"},"schema":{"@context":"https:\/\/schema.org","@graph":[{"@type":"WebPage","@id":"https:\/\/ella.tm.ro\/index.php\/events\/","url":"https:\/\/ella.tm.ro\/index.php\/events\/","name":"Events - ELLA","isPartOf":{"@id":"https:\/\/ella.tm.ro\/#website"},"primaryImageOfPage":{"@id":"https:\/\/ella.tm.ro\/index.php\/events\/#primaryimage"},"image":{"@id":"https:\/\/ella.tm.ro\/index.php\/events\/#primaryimage"},"thumbnailUrl":"https:\/\/ella.tm.ro\/wp-content\/uploads\/2019\/11\/timisoara-information.png","datePublished":"2019-11-24T12:12:03+00:00","dateModified":"2019-11-24T12:30:36+00:00","breadcrumb":{"@id":"https:\/\/ella.tm.ro\/index.php\/events\/#breadcrumb"},"inLanguage":"en-US","potentialAction":[{"@type":"ReadAction","target":["https:\/\/ella.tm.ro\/index.php\/events\/"]}]},{"@type":"ImageObject","inLanguage":"en-US","@id":"https:\/\/ella.tm.ro\/index.php\/events\/#primaryimage","url":"https:\/\/ella.tm.ro\/wp-content\/uploads\/2019\/11\/timisoara-information.png","contentUrl":"https:\/\/ella.tm.ro\/wp-content\/uploads\/2019\/11\/timisoara-information.png","width":1888,"height":246},{"@type":"BreadcrumbList","@id":"https:\/\/ella.tm.ro\/index.php\/events\/#breadcrumb","itemListElement":[{"@type":"ListItem","position":1,"name":"Home","item":"https:\/\/ella.tm.ro\/"},{"@type":"ListItem","position":2,"name":"Events"}]},{"@type":"WebSite","@id":"https:\/\/ella.tm.ro\/#website","url":"https:\/\/ella.tm.ro\/","name":"ELLA Apartments","description":"Executive Luxury Living Apartments in the heart of Timisoara","potentialAction":[{"@type":"SearchAction","target":{"@type":"EntryPoint","urlTemplate":"https:\/\/ella.tm.ro\/?s={search_term_string}"},"query-input":{"@type":"PropertyValueSpecification","valueRequired":true,"valueName":"search_term_string"}}],"inLanguage":"en-US"}]}},"_links":{"self":[{"href":"https:\/\/ella.tm.ro\/index.php\/wp-json\/wp\/v2\/pages\/655","targetHints":{"allow":["GET"]}}],"collection":[{"href":"https:\/\/ella.tm.ro\/index.php\/wp-json\/wp\/v2\/pages"}],"about":[{"href":"https:\/\/ella.tm.ro\/index.php\/wp-json\/wp\/v2\/types\/page"}],"author":[{"embeddable":true,"href":"https:\/\/ella.tm.ro\/index.php\/wp-json\/wp\/v2\/users\/1"}],"replies":[{"embeddable":true,"href":"https:\/\/ella.tm.ro\/index.php\/wp-json\/wp\/v2\/comments?post=655"}],"version-history":[{"count":3,"href":"https:\/\/ella.tm.ro\/index.php\/wp-json\/wp\/v2\/pages\/655\/revisions"}],"predecessor-version":[{"id":666,"href":"https:\/\/ella.tm.ro\/index.php\/wp-json\/wp\/v2\/pages\/655\/revisions\/666"}],"wp:featuredmedia":[{"embeddable":true,"href":"https:\/\/ella.tm.ro\/index.php\/wp-json\/wp\/v2\/media\/656"}],"wp:attachment":[{"href":"https:\/\/ella.tm.ro\/index.php\/wp-json\/wp\/v2\/media?parent=655"}],"curies":[{"name":"wp","href":"https:\/\/api.w.org\/{rel}","templated":true}]}}